{"id":3146,"date":"2021-04-16T12:06:57","date_gmt":"2021-04-16T10:06:57","guid":{"rendered":"https:\/\/g-l-a-m.com\/?page_id=3146"},"modified":"2025-01-06T11:39:56","modified_gmt":"2025-01-06T10:39:56","slug":"vileda","status":"publish","type":"page","link":"https:\/\/g-l-a-m.com\/en\/vileda\/","title":{"rendered":"Vileda"},"content":{"rendered":"<p>[et_pb_section fb_built=&#8220;1&#8243; custom_padding_last_edited=&#8220;on|desktop&#8220; next_background_color=&#8220;#ffffff&#8220; admin_label=&#8220;Header&#8220; _builder_version=&#8220;4.9.0&#8243; background_color=&#8220;#F28F00&#8243; background_color_gradient_direction=&#8220;130deg&#8220; background_enable_image=&#8220;off&#8220; parallax=&#8220;on&#8220; custom_padding=&#8220;3vw||11vw||false|false&#8220; custom_padding_tablet=&#8220;100px||100px||true&#8220; custom_padding_phone=&#8220;||||true&#8220; bottom_divider_style=&#8220;wave2&#8243; bottom_divider_height=&#8220;250px&#8220; bottom_divider_flip=&#8220;horizontal&#8220; bottom_divider_height_tablet=&#8220;150px&#8220; bottom_divider_height_phone=&#8220;110px&#8220; bottom_divider_height_last_edited=&#8220;on|phone&#8220; saved_tabs=&#8220;all&#8220;][et_pb_row _builder_version=&#8220;3.25&#8243; custom_padding=&#8220;||2px|||&#8220;][et_pb_column type=&#8220;4_4&#8243; _builder_version=&#8220;3.25&#8243; custom_padding=&#8220;|||&#8220; custom_padding__hover=&#8220;|||&#8220;][et_pb_image src=&#8220;https:\/\/g-l-a-m.com\/wp-content\/uploads\/Vileda_Logo_aktuell.jpg&#8220; title_text=&#8220;viledalog_4c&#8220; align=&#8220;center&#8220; _builder_version=&#8220;4.9.0&#8243; _module_preset=&#8220;default&#8220; transform_origin=&#8220;56%|-120%&#8220; width=&#8220;27%&#8220; custom_margin=&#8220;-27px|||||&#8220;][\/et_pb_image][\/et_pb_column][\/et_pb_row][\/et_pb_section][et_pb_section fb_built=&#8220;1&#8243; custom_padding_last_edited=&#8220;off|desktop&#8220; admin_label=&#8220;About&#8220; _builder_version=&#8220;3.22&#8243; custom_padding=&#8220;|||&#8220; custom_padding_tablet=&#8220;0px|||&#8220; custom_padding_phone=&#8220;0px|||&#8220; border_radii=&#8220;on|10px|10px|10px|10px&#8220; saved_tabs=&#8220;all&#8220;][et_pb_row column_structure=&#8220;1_2,1_2&#8243; _builder_version=&#8220;4.9.0&#8243; _module_preset=&#8220;default&#8220;][et_pb_column type=&#8220;1_2&#8243; _builder_version=&#8220;4.9.0&#8243; _module_preset=&#8220;default&#8220;][et_pb_image src=&#8220;https:\/\/g-l-a-m.com\/wp-content\/uploads\/s-l1200.jpg&#8220; title_text=&#8220;s-l1200&#8243; align=&#8220;center&#8220; _builder_version=&#8220;4.9.0&#8243; _module_preset=&#8220;default&#8220; border_radii=&#8220;on|10px|10px|10px|10px&#8220;][\/et_pb_image][\/et_pb_column][et_pb_column type=&#8220;1_2&#8243; _builder_version=&#8220;4.9.0&#8243; _module_preset=&#8220;default&#8220;][et_pb_blurb _builder_version=&#8220;4.9.0&#8243; _module_preset=&#8220;default&#8220;]<\/p>\n<h3>Vileda<\/h3>\n<ul>\n<li>Vileda, gegr\u00fcndet 1948, ist die bevorzugte Marke f\u00fcr alle, denen ihr Zuhause wichtig ist. Sie bietet das weltweit breiteste Sortiment an L\u00f6sungen zum Reinigen und Waschen und ist bestrebt, neue Standards f\u00fcr die Verbraucher zu setzen.<\/li>\n<li>Vileda verf\u00fcgt \u00fcber eine gro\u00dfe Markenbekanntheit und \u00fcber ein gro\u00dfes Vertrauen bei den Konsumenten<\/li>\n<\/ul>\n<p><span style=\"text-decoration: underline;\"><strong>Lizenzkategorien:\u2028<\/strong><\/span><\/p>\n<ul>\n<li>Around the sink, Cleaning, Laundry, Waste management<\/li>\n<\/ul>\n<p><span style=\"text-decoration: underline;\"><strong>Zielgruppe\u2028<\/strong><\/span><\/p>\n<ul>\n<li>Breite Zielgruppe<\/li>\n<\/ul>\n<p><span style=\"text-decoration: underline;\"><strong>Lizenzgebiet\u2028<\/strong><\/span><\/p>\n<ul>\n<li>DACH, weitere L\u00e4nder auf Anfrage<\/li>\n<\/ul>\n<p>&nbsp;<\/p>\n<p><span>\u00a9 Vileda 2025<\/span><\/p>\n<p>[\/et_pb_blurb][\/et_pb_column][\/et_pb_row][et_pb_row _builder_version=&#8220;4.9.0&#8243; _module_preset=&#8220;default&#8220;][et_pb_column type=&#8220;4_4&#8243; _builder_version=&#8220;4.9.0&#8243; _module_preset=&#8220;default&#8220;][dica_divi_carousel loop=&#8220;on&#8220; autoplay=&#8220;on&#8220; arrow_nav=&#8220;on&#8220; advanced_effect=&#8220;1&#8243; _builder_version=&#8220;4.9.0&#8243; _module_preset=&#8220;default&#8220;][dica_divi_carouselitem button_url_new_window=&#8220;1&#8243; image=&#8220;https:\/\/g-l-a-m.com\/wp-content\/uploads\/v1.png&#8220; _builder_version=&#8220;4.9.0&#8243; _module_preset=&#8220;default&#8220;][\/dica_divi_carouselitem][dica_divi_carouselitem button_url_new_window=&#8220;1&#8243; image=&#8220;https:\/\/g-l-a-m.com\/wp-content\/uploads\/v2.png&#8220; _builder_version=&#8220;4.9.0&#8243; _module_preset=&#8220;default&#8220;][\/dica_divi_carouselitem][dica_divi_carouselitem button_url_new_window=&#8220;1&#8243; image=&#8220;https:\/\/g-l-a-m.com\/wp-content\/uploads\/v3.png&#8220; _builder_version=&#8220;4.9.0&#8243; _module_preset=&#8220;default&#8220;][\/dica_divi_carouselitem][dica_divi_carouselitem button_url_new_window=&#8220;1&#8243; image=&#8220;https:\/\/g-l-a-m.com\/wp-content\/uploads\/v4.png&#8220; _builder_version=&#8220;4.9.0&#8243; _module_preset=&#8220;default&#8220;][\/dica_divi_carouselitem][\/dica_divi_carousel][\/et_pb_column][\/et_pb_row][et_pb_row _builder_version=&#8220;4.9.0&#8243; _module_preset=&#8220;default&#8220;][et_pb_column type=&#8220;4_4&#8243; _builder_version=&#8220;4.9.0&#8243; _module_preset=&#8220;default&#8220;][et_pb_button button_url=&#8220;https:\/\/g-l-a-m.com\/portfolio\/&#8220; button_text=&#8220;Zur\u00fcck&#8220; _builder_version=&#8220;4.9.0&#8243; _module_preset=&#8220;default&#8220; button_text_color=&#8220;#FFFFFF&#8220;][\/et_pb_button][\/et_pb_column][\/et_pb_row][\/et_pb_section]<\/p>","protected":false},"excerpt":{"rendered":"<p>[et_pb_section fb_built=&#8220;1&#8243; custom_padding_last_edited=&#8220;on|desktop&#8220; next_background_color=&#8220;#ffffff&#8220; admin_label=&#8220;Header&#8220; _builder_version=&#8220;4.9.0&#8243; background_color=&#8220;#F28F00&#8243; background_color_gradient_direction=&#8220;130deg&#8220; background_enable_image=&#8220;off&#8220; parallax=&#8220;on&#8220; custom_padding=&#8220;3vw||11vw||false|false&#8220; custom_padding_tablet=&#8220;100px||100px||true&#8220; custom_padding_phone=&#8220;||||true&#8220; bottom_divider_style=&#8220;wave2&#8243; bottom_divider_height=&#8220;250px&#8220; bottom_divider_flip=&#8220;horizontal&#8220; bottom_divider_height_tablet=&#8220;150px&#8220; bottom_divider_height_phone=&#8220;110px&#8220; bottom_divider_height_last_edited=&#8220;on|phone&#8220; saved_tabs=&#8220;all&#8220;][et_pb_row _builder_version=&#8220;3.25&#8243; custom_padding=&#8220;||2px|||&#8220;][et_pb_column type=&#8220;4_4&#8243; _builder_version=&#8220;3.25&#8243; custom_padding=&#8220;|||&#8220; custom_padding__hover=&#8220;|||&#8220;][et_pb_image src=&#8220;https:\/\/g-l-a-m.com\/wp-content\/uploads\/Vileda_Logo_aktuell.jpg&#8220; title_text=&#8220;viledalog_4c&#8220; align=&#8220;center&#8220; _builder_version=&#8220;4.9.0&#8243; _module_preset=&#8220;default&#8220; transform_origin=&#8220;56%|-120%&#8220; width=&#8220;27%&#8220; custom_margin=&#8220;-27px|||||&#8220;][\/et_pb_image][\/et_pb_column][\/et_pb_row][\/et_pb_section][et_pb_section fb_built=&#8220;1&#8243; custom_padding_last_edited=&#8220;off|desktop&#8220; admin_label=&#8220;About&#8220; _builder_version=&#8220;3.22&#8243; custom_padding=&#8220;|||&#8220; custom_padding_tablet=&#8220;0px|||&#8220; custom_padding_phone=&#8220;0px|||&#8220; border_radii=&#8220;on|10px|10px|10px|10px&#8220; saved_tabs=&#8220;all&#8220;][et_pb_row column_structure=&#8220;1_2,1_2&#8243; _builder_version=&#8220;4.9.0&#8243; _module_preset=&#8220;default&#8220;][et_pb_column type=&#8220;1_2&#8243; _builder_version=&#8220;4.9.0&#8243; _module_preset=&#8220;default&#8220;][et_pb_image src=&#8220;https:\/\/g-l-a-m.com\/wp-content\/uploads\/s-l1200.jpg&#8220; title_text=&#8220;s-l1200&#8243; align=&#8220;center&#8220; _builder_version=&#8220;4.9.0&#8243; _module_preset=&#8220;default&#8220; border_radii=&#8220;on|10px|10px|10px|10px&#8220;][\/et_pb_image][\/et_pb_column][et_pb_column [&hellip;]<\/p>","protected":false},"author":2,"featured_media":0,"parent":0,"menu_order":0,"comment_status":"closed","ping_status":"closed","template":"","meta":{"_et_pb_use_builder":"on","_et_pb_old_content":"","_et_gb_content_width":"","footnotes":""},"_links":{"self":[{"href":"https:\/\/g-l-a-m.com\/en\/wp-json\/wp\/v2\/pages\/3146"}],"collection":[{"href":"https:\/\/g-l-a-m.com\/en\/wp-json\/wp\/v2\/pages"}],"about":[{"href":"https:\/\/g-l-a-m.com\/en\/wp-json\/wp\/v2\/types\/page"}],"author":[{"embeddable":true,"href":"https:\/\/g-l-a-m.com\/en\/wp-json\/wp\/v2\/users\/2"}],"replies":[{"embeddable":true,"href":"https:\/\/g-l-a-m.com\/en\/wp-json\/wp\/v2\/comments?post=3146"}],"version-history":[{"count":19,"href":"https:\/\/g-l-a-m.com\/en\/wp-json\/wp\/v2\/pages\/3146\/revisions"}],"predecessor-version":[{"id":6149,"href":"https:\/\/g-l-a-m.com\/en\/wp-json\/wp\/v2\/pages\/3146\/revisions\/6149"}],"wp:attachment":[{"href":"https:\/\/g-l-a-m.com\/en\/wp-json\/wp\/v2\/media?parent=3146"}],"curies":[{"name":"wp","href":"https:\/\/api.w.org\/{rel}","templated":true}]}}