{"id":3098,"date":"2021-04-01T17:12:50","date_gmt":"2021-04-01T15:12:50","guid":{"rendered":"https:\/\/g-l-a-m.com\/?page_id=3098"},"modified":"2025-04-24T14:33:43","modified_gmt":"2025-04-24T12:33:43","slug":"moffinis","status":"publish","type":"page","link":"https:\/\/g-l-a-m.com\/en\/moffinis\/","title":{"rendered":"Yu-Gi-Oh"},"content":{"rendered":"<p>[et_pb_section fb_built=&#8220;1&#8243; custom_padding_last_edited=&#8220;on|desktop&#8220; next_background_color=&#8220;#ffffff&#8220; admin_label=&#8220;Header&#8220; _builder_version=&#8220;4.9.0&#8243; background_color=&#8220;#F28F00&#8243; background_color_gradient_direction=&#8220;130deg&#8220; background_enable_image=&#8220;off&#8220; parallax=&#8220;on&#8220; custom_padding=&#8220;3vw||10vw||false|false&#8220; custom_padding_tablet=&#8220;100px||100px||true&#8220; custom_padding_phone=&#8220;||||true&#8220; bottom_divider_style=&#8220;wave2&#8243; bottom_divider_height=&#8220;250px&#8220; bottom_divider_flip=&#8220;horizontal&#8220; bottom_divider_height_tablet=&#8220;150px&#8220; bottom_divider_height_phone=&#8220;110px&#8220; bottom_divider_height_last_edited=&#8220;on|phone&#8220; saved_tabs=&#8220;all&#8220;][\/et_pb_section][et_pb_section fb_built=&#8220;1&#8243; custom_padding_last_edited=&#8220;off|desktop&#8220; admin_label=&#8220;About&#8220; _builder_version=&#8220;3.22&#8243; custom_padding=&#8220;|||&#8220; custom_padding_tablet=&#8220;0px|||&#8220; custom_padding_phone=&#8220;0px|||&#8220; border_radii=&#8220;on|10px|10px|10px|10px&#8220; saved_tabs=&#8220;all&#8220;][et_pb_row column_structure=&#8220;1_2,1_2&#8243; _builder_version=&#8220;4.9.0&#8243; _module_preset=&#8220;default&#8220;][et_pb_column type=&#8220;1_2&#8243; _builder_version=&#8220;4.9.0&#8243; _module_preset=&#8220;default&#8220;][et_pb_image src=&#8220;https:\/\/g-l-a-m.com\/wp-content\/uploads\/YGOGroup1-scaled.jpg&#8220; title_text=&#8220;YGOGroup1&#8243; _builder_version=&#8220;4.9.0&#8243; _module_preset=&#8220;default&#8220; hover_enabled=&#8220;0&#8243; sticky_enabled=&#8220;0&#8243;][\/et_pb_image][\/et_pb_column][et_pb_column type=&#8220;1_2&#8243; _builder_version=&#8220;4.9.0&#8243; _module_preset=&#8220;default&#8220;][et_pb_blurb _builder_version=&#8220;4.9.0&#8243; _module_preset=&#8220;default&#8220;]<\/p>\n<h2><i><\/i><\/h2>\n<h2><i>Yu-Gi-Oh!<\/i><\/h2>\n<ul>\n<li>Yu-Gi-Oh! ist ein beliebtes Sammelkartenspiel, das von Konami entwickelt wurde und 1999 in Japan ver\u00f6ffentlicht wurde. Es basiert auf einem Manga und einer Animeserie und ist bekannt f\u00fcr sein komplexes Regelwerk, das strategisches Denken und die Kombination verschiedener Kartenarten.\n<p>Das Spiel wird in rundenbasierten Duellen zwischen zwei Spielern ausgetragen, die versuchen, die Life Points (LP) des Gegners auf Null zu reduzieren.<\/p>\n<p>Yu-Gi-Oh! enth\u00e4lt verschiedene Kartenarten, darunter Monsterkarten (welche beschworen und zum Angreifen verwendet werden), Zauber- und Fallenkarsten (welche verschiedene Effekte haben und zur Beeinflussung des Duells eingesetzt werden k\u00f6nnen).<\/p>\n<p><strong style=\"font-size: 14px;\">Beliebtheit:<\/strong><\/p>\n<p>Yu-Gi-Oh! hat eine gro\u00dfe Fangemeinde weltweit und wird in vielen L\u00e4ndern in Turnieren und Wettk\u00e4mpfen gespielt. Es bietet ein gro\u00dfes Lizenzpotential in der Zielgruppe.<\/li>\n<li>\u00a0<strong style=\"font-size: 14px;\">Brand Values:<\/strong><span style=\"font-size: 14px;\"> Freundschaft, gesunder Wettbewerb, Abenteuer<\/span>\n<p>&nbsp;<\/p>\n<p>&nbsp;<\/li>\n<\/ul>\n<h4><strong>Target group\u00a0<\/strong><\/h4>\n<ul>\n<li><span data-huuid=\"12900596324411818552\">Die Hauptzielgruppe von Yu-Gi-Oh! <\/span><span data-huuid=\"12900596324411819859\">ist breit gef\u00e4chert und richtet sich an ein Publikum von Kindern bis hin zu Erwachsenen.<\/span><\/li>\n<li>Kids-Zielgruppe 8-11 Jahre<\/li>\n<\/ul>\n<h4><strong>License area<\/strong><\/h4>\n<ul>\n<li>GAS<\/li>\n<\/ul>\n<p>&nbsp;<\/p>\n<p>\u00a9 2020 Studio Dice\/SHUEISHA, TV TOKYO, KONAMI<\/p>\n<ul>\n<li style=\"list-style-type: none;\">\n<ul><\/ul>\n<\/li>\n<\/ul>\n<p>[\/et_pb_blurb][\/et_pb_column][\/et_pb_row][et_pb_row _builder_version=&#8220;4.9.0&#8243; _module_preset=&#8220;default&#8220;][et_pb_column type=&#8220;4_4&#8243; _builder_version=&#8220;4.9.0&#8243; _module_preset=&#8220;default&#8220;][et_pb_button button_url=&#8220;https:\/\/g-l-a-m.com\/portfolio\/&#8220; button_text=&#8220;Zur\u00fcck&#8220; _builder_version=&#8220;4.9.0&#8243; _module_preset=&#8220;default&#8220; button_text_color=&#8220;#FFFFFF&#8220;][\/et_pb_button][\/et_pb_column][\/et_pb_row][\/et_pb_section]<\/p>","protected":false},"excerpt":{"rendered":"<p>[et_pb_section fb_built=&#8220;1&#8243; custom_padding_last_edited=&#8220;on|desktop&#8220; next_background_color=&#8220;#ffffff&#8220; admin_label=&#8220;Header&#8220; _builder_version=&#8220;4.9.0&#8243; background_color=&#8220;#F28F00&#8243; background_color_gradient_direction=&#8220;130deg&#8220; background_enable_image=&#8220;off&#8220; parallax=&#8220;on&#8220; custom_padding=&#8220;3vw||10vw||false|false&#8220; custom_padding_tablet=&#8220;100px||100px||true&#8220; custom_padding_phone=&#8220;||||true&#8220; bottom_divider_style=&#8220;wave2&#8243; bottom_divider_height=&#8220;250px&#8220; bottom_divider_flip=&#8220;horizontal&#8220; bottom_divider_height_tablet=&#8220;150px&#8220; bottom_divider_height_phone=&#8220;110px&#8220; bottom_divider_height_last_edited=&#8220;on|phone&#8220; saved_tabs=&#8220;all&#8220;][\/et_pb_section][et_pb_section fb_built=&#8220;1&#8243; custom_padding_last_edited=&#8220;off|desktop&#8220; admin_label=&#8220;About&#8220; _builder_version=&#8220;3.22&#8243; custom_padding=&#8220;|||&#8220; custom_padding_tablet=&#8220;0px|||&#8220; custom_padding_phone=&#8220;0px|||&#8220; border_radii=&#8220;on|10px|10px|10px|10px&#8220; saved_tabs=&#8220;all&#8220;][et_pb_row column_structure=&#8220;1_2,1_2&#8243; _builder_version=&#8220;4.9.0&#8243; _module_preset=&#8220;default&#8220;][et_pb_column type=&#8220;1_2&#8243; _builder_version=&#8220;4.9.0&#8243; _module_preset=&#8220;default&#8220;][et_pb_image src=&#8220;https:\/\/g-l-a-m.com\/wp-content\/uploads\/YGOGroup1-scaled.jpg&#8220; title_text=&#8220;YGOGroup1&#8243; _builder_version=&#8220;4.9.0&#8243; _module_preset=&#8220;default&#8220; hover_enabled=&#8220;0&#8243; sticky_enabled=&#8220;0&#8243;][\/et_pb_image][\/et_pb_column][et_pb_column type=&#8220;1_2&#8243; _builder_version=&#8220;4.9.0&#8243; _module_preset=&#8220;default&#8220;][et_pb_blurb _builder_version=&#8220;4.9.0&#8243; _module_preset=&#8220;default&#8220;] Yu-Gi-Oh! Yu-Gi-Oh! ist ein beliebtes Sammelkartenspiel, das von Konami [&hellip;]<\/p>","protected":false},"author":2,"featured_media":0,"parent":0,"menu_order":0,"comment_status":"closed","ping_status":"closed","template":"","meta":{"_et_pb_use_builder":"on","_et_pb_old_content":"","_et_gb_content_width":"","footnotes":""},"_links":{"self":[{"href":"https:\/\/g-l-a-m.com\/en\/wp-json\/wp\/v2\/pages\/3098"}],"collection":[{"href":"https:\/\/g-l-a-m.com\/en\/wp-json\/wp\/v2\/pages"}],"about":[{"href":"https:\/\/g-l-a-m.com\/en\/wp-json\/wp\/v2\/types\/page"}],"author":[{"embeddable":true,"href":"https:\/\/g-l-a-m.com\/en\/wp-json\/wp\/v2\/users\/2"}],"replies":[{"embeddable":true,"href":"https:\/\/g-l-a-m.com\/en\/wp-json\/wp\/v2\/comments?post=3098"}],"version-history":[{"count":15,"href":"https:\/\/g-l-a-m.com\/en\/wp-json\/wp\/v2\/pages\/3098\/revisions"}],"predecessor-version":[{"id":6277,"href":"https:\/\/g-l-a-m.com\/en\/wp-json\/wp\/v2\/pages\/3098\/revisions\/6277"}],"wp:attachment":[{"href":"https:\/\/g-l-a-m.com\/en\/wp-json\/wp\/v2\/media?parent=3098"}],"curies":[{"name":"wp","href":"https:\/\/api.w.org\/{rel}","templated":true}]}}