{"id":3183,"date":"2021-04-09T12:05:58","date_gmt":"2021-04-09T10:05:58","guid":{"rendered":"https:\/\/g-l-a-m.com\/?page_id=3183"},"modified":"2023-01-04T14:33:49","modified_gmt":"2023-01-04T13:33:49","slug":"nici","status":"publish","type":"page","link":"https:\/\/g-l-a-m.com\/de_de\/nici\/","title":{"rendered":"NICI"},"content":{"rendered":"<p>[et_pb_section fb_built=&#8220;1&#8243; custom_padding_last_edited=&#8220;on|desktop&#8220; next_background_color=&#8220;#ffffff&#8220; admin_label=&#8220;Header&#8220; _builder_version=&#8220;4.9.0&#8243; background_color=&#8220;#F28F00&#8243; background_color_gradient_direction=&#8220;130deg&#8220; background_enable_image=&#8220;off&#8220; parallax=&#8220;on&#8220; custom_padding=&#8220;3vw||5vw||false|false&#8220; custom_padding_tablet=&#8220;100px||100px||true&#8220; custom_padding_phone=&#8220;||||true&#8220; bottom_divider_style=&#8220;wave2&#8243; bottom_divider_height=&#8220;250px&#8220; bottom_divider_flip=&#8220;horizontal&#8220; bottom_divider_height_tablet=&#8220;150px&#8220; bottom_divider_height_phone=&#8220;110px&#8220; bottom_divider_height_last_edited=&#8220;on|phone&#8220; saved_tabs=&#8220;all&#8220;][et_pb_row _builder_version=&#8220;3.25&#8243; min_height=&#8220;364px&#8220; custom_padding=&#8220;2px||0px|||&#8220;][et_pb_column type=&#8220;4_4&#8243; _builder_version=&#8220;3.25&#8243; custom_padding=&#8220;|||&#8220; custom_padding__hover=&#8220;|||&#8220;][et_pb_image src=&#8220;https:\/\/g-l-a-m.com\/wp-content\/uploads\/NICI_Logo_510px-e1617962436671.png&#8220; title_text=&#8220;NICI_Logo_510px-e1617962436671&#8243; align=&#8220;center&#8220; _builder_version=&#8220;4.9.0&#8243; _module_preset=&#8220;default&#8220; width=&#8220;100%&#8220; custom_padding=&#8220;0px||0px|||&#8220;][\/et_pb_image][\/et_pb_column][\/et_pb_row][\/et_pb_section][et_pb_section fb_built=&#8220;1&#8243; custom_padding_last_edited=&#8220;off|desktop&#8220; admin_label=&#8220;About&#8220; _builder_version=&#8220;3.22&#8243; custom_padding=&#8220;|||&#8220; custom_padding_tablet=&#8220;0px|||&#8220; custom_padding_phone=&#8220;0px|||&#8220; border_radii=&#8220;on|10px|10px|10px|10px&#8220; saved_tabs=&#8220;all&#8220;][et_pb_row column_structure=&#8220;1_2,1_2&#8243; _builder_version=&#8220;4.9.0&#8243; _module_preset=&#8220;default&#8220;][et_pb_column type=&#8220;1_2&#8243; _builder_version=&#8220;4.9.0&#8243; _module_preset=&#8220;default&#8220;][et_pb_image src=&#8220;https:\/\/g-l-a-m.com\/wp-content\/uploads\/NICI_Markeninfos-e1617962447131.jpg&#8220; title_text=&#8220;NICI_Markeninfos-e1617962447131&#8243; _builder_version=&#8220;4.9.0&#8243; _module_preset=&#8220;default&#8220; border_radii=&#8220;on|10px|10px|10px|10px&#8220;][\/et_pb_image][\/et_pb_column][et_pb_column type=&#8220;1_2&#8243; _builder_version=&#8220;4.9.0&#8243; _module_preset=&#8220;default&#8220;][et_pb_blurb _builder_version=&#8220;4.9.0&#8243; _module_preset=&#8220;default&#8220;]<\/p>\n<h3>NICI<\/h3>\n<ul>\n<li>NICI ist weltweit einer der f\u00fchrenden Hersteller von Pl\u00fcsch- und Geschenkartikeln f\u00fcr die ganze Familie<\/li>\n<li>Der Name NICI steht f\u00fcr beste Qualit\u00e4t, h\u00f6chste Sicherheitsstandards und ansprechendes Design<\/li>\n<li>Pr\u00e4senz bei \u00fcber 3.000 Retailern<\/li>\n<li>Zahlreiche, erfolgreiche Produktlinien mit regelm\u00e4\u00dfigen Neueinf\u00fchrungen stehen f\u00fcr Lizenzpartner zur Verf\u00fcgung<\/li>\n<li>Weltweit in mehr als 60 L\u00e4ndern vertreten<\/li>\n<\/ul>\n<p><strong>Zielgruppe \u00a0<\/strong><\/p>\n<ul>\n<li>Kernzielgruppe: Kinder und Teenies 5-15 Jahre, vorwiegend weiblich<\/li>\n<li>Erweiterte Zielgruppe: Frauen ab 18+<\/li>\n<\/ul>\n<p><strong>Lizenzgebiet<\/strong><\/p>\n<ul>\n<li>Weltweit<\/li>\n<\/ul>\n<p>&nbsp;<\/p>\n<p>\u00a9 2023 NICI GmbH | www.nici.de\u00a0| All Rights Reserved<\/p>\n<p>[\/et_pb_blurb][\/et_pb_column][\/et_pb_row][et_pb_row _builder_version=&#8220;4.9.0&#8243; _module_preset=&#8220;default&#8220;][et_pb_column type=&#8220;4_4&#8243; _builder_version=&#8220;4.9.0&#8243; _module_preset=&#8220;default&#8220;][et_pb_button button_url=&#8220;https:\/\/g-l-a-m.com\/portfolio\/&#8220; button_text=&#8220;Zur\u00fcck&#8220; _builder_version=&#8220;4.9.0&#8243; _module_preset=&#8220;default&#8220; button_text_color=&#8220;#FFFFFF&#8220;][\/et_pb_button][\/et_pb_column][\/et_pb_row][\/et_pb_section]<\/p>\n","protected":false},"excerpt":{"rendered":"<p>[et_pb_section fb_built=&#8220;1&#8243; custom_padding_last_edited=&#8220;on|desktop&#8220; next_background_color=&#8220;#ffffff&#8220; admin_label=&#8220;Header&#8220; _builder_version=&#8220;4.9.0&#8243; background_color=&#8220;#F28F00&#8243; background_color_gradient_direction=&#8220;130deg&#8220; background_enable_image=&#8220;off&#8220; parallax=&#8220;on&#8220; custom_padding=&#8220;3vw||5vw||false|false&#8220; custom_padding_tablet=&#8220;100px||100px||true&#8220; custom_padding_phone=&#8220;||||true&#8220; bottom_divider_style=&#8220;wave2&#8243; bottom_divider_height=&#8220;250px&#8220; bottom_divider_flip=&#8220;horizontal&#8220; bottom_divider_height_tablet=&#8220;150px&#8220; bottom_divider_height_phone=&#8220;110px&#8220; bottom_divider_height_last_edited=&#8220;on|phone&#8220; saved_tabs=&#8220;all&#8220;][et_pb_row _builder_version=&#8220;3.25&#8243; min_height=&#8220;364px&#8220; custom_padding=&#8220;2px||0px|||&#8220;][et_pb_column type=&#8220;4_4&#8243; _builder_version=&#8220;3.25&#8243; custom_padding=&#8220;|||&#8220; custom_padding__hover=&#8220;|||&#8220;][et_pb_image src=&#8220;https:\/\/g-l-a-m.com\/wp-content\/uploads\/NICI_Logo_510px-e1617962436671.png&#8220; title_text=&#8220;NICI_Logo_510px-e1617962436671&#8243; align=&#8220;center&#8220; _builder_version=&#8220;4.9.0&#8243; _module_preset=&#8220;default&#8220; width=&#8220;100%&#8220; custom_padding=&#8220;0px||0px|||&#8220;][\/et_pb_image][\/et_pb_column][\/et_pb_row][\/et_pb_section][et_pb_section fb_built=&#8220;1&#8243; custom_padding_last_edited=&#8220;off|desktop&#8220; admin_label=&#8220;About&#8220; _builder_version=&#8220;3.22&#8243; custom_padding=&#8220;|||&#8220; custom_padding_tablet=&#8220;0px|||&#8220; custom_padding_phone=&#8220;0px|||&#8220; border_radii=&#8220;on|10px|10px|10px|10px&#8220; saved_tabs=&#8220;all&#8220;][et_pb_row column_structure=&#8220;1_2,1_2&#8243; _builder_version=&#8220;4.9.0&#8243; _module_preset=&#8220;default&#8220;][et_pb_column type=&#8220;1_2&#8243; _builder_version=&#8220;4.9.0&#8243; _module_preset=&#8220;default&#8220;][et_pb_image src=&#8220;https:\/\/g-l-a-m.com\/wp-content\/uploads\/NICI_Markeninfos-e1617962447131.jpg&#8220; title_text=&#8220;NICI_Markeninfos-e1617962447131&#8243; _builder_version=&#8220;4.9.0&#8243; _module_preset=&#8220;default&#8220; border_radii=&#8220;on|10px|10px|10px|10px&#8220;][\/et_pb_image][\/et_pb_column][et_pb_column type=&#8220;1_2&#8243; [&hellip;]<\/p>\n","protected":false},"author":2,"featured_media":0,"parent":0,"menu_order":0,"comment_status":"closed","ping_status":"closed","template":"","meta":{"_et_pb_use_builder":"on","_et_pb_old_content":"","_et_gb_content_width":"","footnotes":""},"_links":{"self":[{"href":"https:\/\/g-l-a-m.com\/de_de\/wp-json\/wp\/v2\/pages\/3183"}],"collection":[{"href":"https:\/\/g-l-a-m.com\/de_de\/wp-json\/wp\/v2\/pages"}],"about":[{"href":"https:\/\/g-l-a-m.com\/de_de\/wp-json\/wp\/v2\/types\/page"}],"author":[{"embeddable":true,"href":"https:\/\/g-l-a-m.com\/de_de\/wp-json\/wp\/v2\/users\/2"}],"replies":[{"embeddable":true,"href":"https:\/\/g-l-a-m.com\/de_de\/wp-json\/wp\/v2\/comments?post=3183"}],"version-history":[{"count":7,"href":"https:\/\/g-l-a-m.com\/de_de\/wp-json\/wp\/v2\/pages\/3183\/revisions"}],"predecessor-version":[{"id":5859,"href":"https:\/\/g-l-a-m.com\/de_de\/wp-json\/wp\/v2\/pages\/3183\/revisions\/5859"}],"wp:attachment":[{"href":"https:\/\/g-l-a-m.com\/de_de\/wp-json\/wp\/v2\/media?parent=3183"}],"curies":[{"name":"wp","href":"https:\/\/api.w.org\/{rel}","templated":true}]}}